{"id":700,"date":"2018-12-12T11:42:54","date_gmt":"2018-12-12T10:42:54","guid":{"rendered":"https:\/\/www.wolfgang-kern.com\/?page_id=700"},"modified":"2026-03-23T08:46:59","modified_gmt":"2026-03-23T07:46:59","slug":"impressum","status":"publish","type":"page","link":"https:\/\/wolfgang-kern.com\/en\/impressum\/","title":{"rendered":"Imprint"},"content":{"rendered":"<h1 class=\"wp-block-heading\">Imprint<\/h1>\n\n\n\n<p><b><strong>F\u00fcr den Inhalt verantwortlich<\/strong><\/b><\/p>\n\n\n\n<p>Wolfgang Kern, BSc MA<\/p>\n\n\n\n<p>Ansprechperson: Wolfgang Kern<\/p>\n\n\n\n<p>Grillparzerstra\u00dfe 2<br>A-4210 Gallneukirchen<\/p>\n\n\n\n<p>E-Mail: <a href=\"\/en\/m&\/#97;&#x69;&#x6c;t&#111;&#58;&#x6f;&#x66;f&#105;&#x63;&#x65;&#64;&#119;&#111;&#x6c;&#x66;g&#97;&#x6e;&#x67;-&#107;&#101;&#x72;&#x6e;&#46;&#99;&#x6f;&#x6d;\">&#x6f;f&#x66;i&#x63;&#101;&#x40;&#119;o&#x6c;f&#x67;&#97;&#x6e;&#103;&#x2d;&#107;e&#x72;n&#x2e;&#99;&#x6f;&#109;<\/a><br>Telefon: 0699\/19585276<\/p>\n\n\n\n<p>Mitglied bei:&nbsp;WKO,WkO Ober\u00f6sterreich<\/p>\n\n\n\n<p>Berufsbezeichnung:&nbsp;Werbeagentur<br>Verleihungsstaat:&nbsp;\u00d6sterreich<\/p>\n\n\n\n<p>UID: ATU77871625<\/p>\n\n\n\n<p>Zust\u00e4ndige Aufsichtsbeh\u00f6rde: BH Urfahr Umgebung<\/p>\n\n\n\n<p>Berufsrechtliche Regelungen: Gewerbeordnung,\u00a0<a href=\"http:\/\/www.ris.bka.gv.at\/\" target=\"_blank\" rel=\"noopener noreferrer\">www.ris.bka.gv.at<\/a><\/p>\n\n\n\n<p>Verbraucher haben die M\u00f6glichkeit, Beschwerden an die Online-Streitbeilegungsplattform der EU-Kommission zu richten:&nbsp;<a href=\"http:\/\/ec.europa.eu\/odr\" target=\"_blank\" rel=\"noopener noreferrer\">http:\/\/ec.europa.eu\/odr<\/a>. Sie k\u00f6nnen allf\u00e4llige Beschwerden auch an die oben angegebene E-Mail-Adresse richten.<\/p>","protected":false},"excerpt":{"rendered":"<p>Impressum F\u00fcr den Inhalt verantwortlich Wolfgang Kern, BSc MA Ansprechperson: Wolfgang Kern Grillparzerstra\u00dfe 2A-4210 Gallneukirchen E-Mail: &#x6f;&#102;f&#x69;&#99;&#101;&#x40;&#x77;&#111;l&#x66;&#103;a&#x6e;&#x67;&#45;k&#x65;&#114;n&#x2e;&#x63;&#111;mTelefon: 0699\/19585276 Mitglied bei:&nbsp;WKO,WkO Ober\u00f6sterreich Berufsbezeichnung:&nbsp;WerbeagenturVerleihungsstaat:&nbsp;\u00d6sterreich UID: ATU77871625 Zust\u00e4ndige Aufsichtsbeh\u00f6rde: BH Urfahr Umgebung Berufsrechtliche Regelungen: Gewerbeordnung,\u00a0www.ris.bka.gv.at Verbraucher haben die M\u00f6glichkeit, Beschwerden an die Online-Streitbeilegungsplattform der EU-Kommission zu richten:&nbsp;http:\/\/ec.europa.eu\/odr. Sie k\u00f6nnen allf\u00e4llige Beschwerden auch an die oben angegebene E-Mail-Adresse richten.<\/p>","protected":false},"author":1,"featured_media":0,"parent":0,"menu_order":3,"comment_status":"closed","ping_status":"closed","template":"","meta":{"pgc_sgb_lightbox_settings":"","footnotes":""},"class_list":["post-700","page","type-page","status-publish","hentry"],"yoast_head":"<!-- This site is optimized with the Yoast SEO plugin v27.3 - https:\/\/yoast.com\/product\/yoast-seo-wordpress\/ -->\n<title>Impressum - Videograph, Web-Design und Design - Wolfgang Kern<\/title>\n<meta name=\"description\" content=\"Videograph, Webseiten und Design. Das Erstellen von Konzepten f\u00fcr Ihre digitalen Bed\u00fcrfnisse und Umsetzung dieser ist meine Leidenschaft.\" \/>\n<meta name=\"robots\" content=\"index, follow, max-snippet:-1, max-image-preview:large, max-video-preview:-1\" \/>\n<link rel=\"canonical\" href=\"https:\/\/wolfgang-kern.com\/en\/impressum\/\" \/>\n<meta property=\"og:locale\" content=\"en_US\" \/>\n<meta property=\"og:type\" content=\"article\" \/>\n<meta property=\"og:title\" content=\"Impressum - Videograph, Web-Design und Design - Wolfgang Kern\" \/>\n<meta property=\"og:description\" content=\"Videograph, Webseiten und Design. Das Erstellen von Konzepten f\u00fcr Ihre digitalen Bed\u00fcrfnisse und Umsetzung dieser ist meine Leidenschaft.\" \/>\n<meta property=\"og:url\" content=\"https:\/\/wolfgang-kern.com\/en\/impressum\/\" \/>\n<meta property=\"og:site_name\" content=\"Wolfgang Kern \ud83c\udfa5\ud83c\udf9e\ufe0f\ud83c\udfac\" \/>\n<meta property=\"article:modified_time\" content=\"2026-03-23T07:46:59+00:00\" \/>\n<meta property=\"og:image\" content=\"https:\/\/wolfgang-kern.com\/wp-content\/uploads\/2019\/07\/header-BG.jpg\" \/>\n\t<meta property=\"og:image:width\" content=\"1152\" \/>\n\t<meta property=\"og:image:height\" content=\"648\" \/>\n\t<meta property=\"og:image:type\" content=\"image\/jpeg\" \/>\n<meta name=\"twitter:card\" content=\"summary_large_image\" \/>\n<meta name=\"twitter:site\" content=\"@thewoifi\" \/>\n<meta name=\"twitter:label1\" content=\"Est. reading time\" \/>\n\t<meta name=\"twitter:data1\" content=\"1 minute\" \/>\n<script type=\"application\/ld+json\" class=\"yoast-schema-graph\">{\"@context\":\"https:\\\/\\\/schema.org\",\"@graph\":[{\"@type\":\"WebPage\",\"@id\":\"https:\\\/\\\/wolfgang-kern.com\\\/impressum\\\/\",\"url\":\"https:\\\/\\\/wolfgang-kern.com\\\/impressum\\\/\",\"name\":\"Impressum - Videograph, Web-Design und Design - Wolfgang Kern\",\"isPartOf\":{\"@id\":\"https:\\\/\\\/wolfgang-kern.com\\\/#website\"},\"datePublished\":\"2018-12-12T10:42:54+00:00\",\"dateModified\":\"2026-03-23T07:46:59+00:00\",\"description\":\"Videograph, Webseiten und Design. Das Erstellen von Konzepten f\u00fcr Ihre digitalen Bed\u00fcrfnisse und Umsetzung dieser ist meine Leidenschaft.\",\"breadcrumb\":{\"@id\":\"https:\\\/\\\/wolfgang-kern.com\\\/impressum\\\/#breadcrumb\"},\"inLanguage\":\"en-US\",\"potentialAction\":[{\"@type\":\"ReadAction\",\"target\":[\"https:\\\/\\\/wolfgang-kern.com\\\/impressum\\\/\"]}]},{\"@type\":\"BreadcrumbList\",\"@id\":\"https:\\\/\\\/wolfgang-kern.com\\\/impressum\\\/#breadcrumb\",\"itemListElement\":[{\"@type\":\"ListItem\",\"position\":1,\"name\":\"Startseite\",\"item\":\"https:\\\/\\\/wolfgang-kern.com\\\/\"},{\"@type\":\"ListItem\",\"position\":2,\"name\":\"Impressum\"}]},{\"@type\":\"WebSite\",\"@id\":\"https:\\\/\\\/wolfgang-kern.com\\\/#website\",\"url\":\"https:\\\/\\\/wolfgang-kern.com\\\/\",\"name\":\"Wolfgang Kern \ud83c\udfa5\ud83c\udf9e\ufe0f\ud83c\udfac\",\"description\":\"Videoproduction, Director, DOP\",\"publisher\":{\"@id\":\"https:\\\/\\\/wolfgang-kern.com\\\/#\\\/schema\\\/person\\\/ea50495996105136f65a20338a41dcd5\"},\"potentialAction\":[{\"@type\":\"SearchAction\",\"target\":{\"@type\":\"EntryPoint\",\"urlTemplate\":\"https:\\\/\\\/wolfgang-kern.com\\\/?s={search_term_string}\"},\"query-input\":{\"@type\":\"PropertyValueSpecification\",\"valueRequired\":true,\"valueName\":\"search_term_string\"}}],\"inLanguage\":\"en-US\"},{\"@type\":[\"Person\",\"Organization\"],\"@id\":\"https:\\\/\\\/wolfgang-kern.com\\\/#\\\/schema\\\/person\\\/ea50495996105136f65a20338a41dcd5\",\"name\":\"Wolfgang Kern\",\"image\":{\"@type\":\"ImageObject\",\"inLanguage\":\"en-US\",\"@id\":\"https:\\\/\\\/wolfgang-kern.com\\\/wp-content\\\/uploads\\\/2022\\\/12\\\/logo_scribble2.png\",\"url\":\"https:\\\/\\\/wolfgang-kern.com\\\/wp-content\\\/uploads\\\/2022\\\/12\\\/logo_scribble2.png\",\"contentUrl\":\"https:\\\/\\\/wolfgang-kern.com\\\/wp-content\\\/uploads\\\/2022\\\/12\\\/logo_scribble2.png\",\"width\":4096,\"height\":3112,\"caption\":\"Wolfgang Kern\"},\"logo\":{\"@id\":\"https:\\\/\\\/wolfgang-kern.com\\\/wp-content\\\/uploads\\\/2022\\\/12\\\/logo_scribble2.png\"}}]}<\/script>\n<!-- \/ Yoast SEO plugin. -->","yoast_head_json":{"title":"Impressum - Videograph, Web-Design und Design - Wolfgang Kern","description":"Videograph, Webseiten und Design. Das Erstellen von Konzepten f\u00fcr Ihre digitalen Bed\u00fcrfnisse und Umsetzung dieser ist meine Leidenschaft.","robots":{"index":"index","follow":"follow","max-snippet":"max-snippet:-1","max-image-preview":"max-image-preview:large","max-video-preview":"max-video-preview:-1"},"canonical":"https:\/\/wolfgang-kern.com\/en\/impressum\/","og_locale":"en_US","og_type":"article","og_title":"Impressum - Videograph, Web-Design und Design - Wolfgang Kern","og_description":"Videograph, Webseiten und Design. Das Erstellen von Konzepten f\u00fcr Ihre digitalen Bed\u00fcrfnisse und Umsetzung dieser ist meine Leidenschaft.","og_url":"https:\/\/wolfgang-kern.com\/en\/impressum\/","og_site_name":"Wolfgang Kern \ud83c\udfa5\ud83c\udf9e\ufe0f\ud83c\udfac","article_modified_time":"2026-03-23T07:46:59+00:00","og_image":[{"width":1152,"height":648,"url":"https:\/\/wolfgang-kern.com\/wp-content\/uploads\/2019\/07\/header-BG.jpg","type":"image\/jpeg"}],"twitter_card":"summary_large_image","twitter_site":"@thewoifi","twitter_misc":{"Est. reading time":"1 minute"},"schema":{"@context":"https:\/\/schema.org","@graph":[{"@type":"WebPage","@id":"https:\/\/wolfgang-kern.com\/impressum\/","url":"https:\/\/wolfgang-kern.com\/impressum\/","name":"Impressum - Videograph, Web-Design und Design - Wolfgang Kern","isPartOf":{"@id":"https:\/\/wolfgang-kern.com\/#website"},"datePublished":"2018-12-12T10:42:54+00:00","dateModified":"2026-03-23T07:46:59+00:00","description":"Videograph, Webseiten und Design. Das Erstellen von Konzepten f\u00fcr Ihre digitalen Bed\u00fcrfnisse und Umsetzung dieser ist meine Leidenschaft.","breadcrumb":{"@id":"https:\/\/wolfgang-kern.com\/impressum\/#breadcrumb"},"inLanguage":"en-US","potentialAction":[{"@type":"ReadAction","target":["https:\/\/wolfgang-kern.com\/impressum\/"]}]},{"@type":"BreadcrumbList","@id":"https:\/\/wolfgang-kern.com\/impressum\/#breadcrumb","itemListElement":[{"@type":"ListItem","position":1,"name":"Startseite","item":"https:\/\/wolfgang-kern.com\/"},{"@type":"ListItem","position":2,"name":"Impressum"}]},{"@type":"WebSite","@id":"https:\/\/wolfgang-kern.com\/#website","url":"https:\/\/wolfgang-kern.com\/","name":"Wolfgang Kern \ud83c\udfa5\ud83c\udf9e\ufe0f\ud83c\udfac","description":"Videoproduction, Director, DOP","publisher":{"@id":"https:\/\/wolfgang-kern.com\/#\/schema\/person\/ea50495996105136f65a20338a41dcd5"},"potentialAction":[{"@type":"SearchAction","target":{"@type":"EntryPoint","urlTemplate":"https:\/\/wolfgang-kern.com\/?s={search_term_string}"},"query-input":{"@type":"PropertyValueSpecification","valueRequired":true,"valueName":"search_term_string"}}],"inLanguage":"en-US"},{"@type":["Person","Organization"],"@id":"https:\/\/wolfgang-kern.com\/#\/schema\/person\/ea50495996105136f65a20338a41dcd5","name":"Wolfgang Kern","image":{"@type":"ImageObject","inLanguage":"en-US","@id":"https:\/\/wolfgang-kern.com\/wp-content\/uploads\/2022\/12\/logo_scribble2.png","url":"https:\/\/wolfgang-kern.com\/wp-content\/uploads\/2022\/12\/logo_scribble2.png","contentUrl":"https:\/\/wolfgang-kern.com\/wp-content\/uploads\/2022\/12\/logo_scribble2.png","width":4096,"height":3112,"caption":"Wolfgang Kern"},"logo":{"@id":"https:\/\/wolfgang-kern.com\/wp-content\/uploads\/2022\/12\/logo_scribble2.png"}}]}},"_links":{"self":[{"href":"https:\/\/wolfgang-kern.com\/en\/wp-json\/wp\/v2\/pages\/700","targetHints":{"allow":["GET"]}}],"collection":[{"href":"https:\/\/wolfgang-kern.com\/en\/wp-json\/wp\/v2\/pages"}],"about":[{"href":"https:\/\/wolfgang-kern.com\/en\/wp-json\/wp\/v2\/types\/page"}],"author":[{"embeddable":true,"href":"https:\/\/wolfgang-kern.com\/en\/wp-json\/wp\/v2\/users\/1"}],"replies":[{"embeddable":true,"href":"https:\/\/wolfgang-kern.com\/en\/wp-json\/wp\/v2\/comments?post=700"}],"version-history":[{"count":15,"href":"https:\/\/wolfgang-kern.com\/en\/wp-json\/wp\/v2\/pages\/700\/revisions"}],"predecessor-version":[{"id":4185,"href":"https:\/\/wolfgang-kern.com\/en\/wp-json\/wp\/v2\/pages\/700\/revisions\/4185"}],"wp:attachment":[{"href":"https:\/\/wolfgang-kern.com\/en\/wp-json\/wp\/v2\/media?parent=700"}],"curies":[{"name":"wp","href":"https:\/\/api.w.org\/{rel}","templated":true}]}}